{"id":95,"date":"2015-01-17T17:15:17","date_gmt":"2015-01-17T17:15:17","guid":{"rendered":"http:\/\/www.missionariasdominicanas.org\/policlinica\/?page_id=95"},"modified":"2021-10-15T11:41:04","modified_gmt":"2021-10-15T11:41:04","slug":"marcar-consulta","status":"publish","type":"page","link":"https:\/\/policlinicademarvila.pt\/index.php\/marcar-consulta\/","title":{"rendered":"Marcar Consulta"},"content":{"rendered":"<h3>Pretendemos que a marca\u00e7\u00e3o de consulta seja algo simples e eficiente.<\/h3>\n<h2>Para que n\u00e3o perca muito tempo neste processo, deixe-nos os seus dados e iremos contact\u00e1-lo o mais rapidamente poss\u00edvel.<\/h2>\n<p>&nbsp;<br \/>\n\n<div class=\"wpcf7 no-js\" id=\"wpcf7-f288-o1\" lang=\"pt-BR\" dir=\"ltr\" data-wpcf7-id=\"288\">\n<div class=\"screen-reader-response\"><p role=\"status\" aria-live=\"polite\" aria-atomic=\"true\"><\/p> <ul><\/ul><\/div>\n<form action=\"\/index.php\/wp-json\/wp\/v2\/pages\/95#wpcf7-f288-o1\" method=\"post\" class=\"wpcf7-form init\" aria-label=\"Formul\u00e1rio de contacto\" novalidate=\"novalidate\" data-status=\"init\">\n<fieldset class=\"hidden-fields-container\"><input type=\"hidden\" name=\"_wpcf7\" value=\"288\" \/><input type=\"hidden\" name=\"_wpcf7_version\" value=\"6.1.6\" \/><input type=\"hidden\" name=\"_wpcf7_locale\" value=\"pt_BR\" \/><input type=\"hidden\" name=\"_wpcf7_unit_tag\" value=\"wpcf7-f288-o1\" \/><input type=\"hidden\" name=\"_wpcf7_container_post\" value=\"0\" \/><input type=\"hidden\" name=\"_wpcf7_posted_data_hash\" value=\"\" \/><input type=\"hidden\" name=\"_wpcf7_recaptcha_response\" value=\"\" \/>\n<\/fieldset>\n<p>Nome\n<\/p>\n<p><span class=\"wpcf7-form-control-wrap\" data-name=\"your-name\"><input size=\"40\" maxlength=\"400\" class=\"wpcf7-form-control wpcf7-text wpcf7-validates-as-required\" aria-required=\"true\" aria-invalid=\"false\" value=\"\" type=\"text\" name=\"your-name\" \/><\/span>\n<\/p>\n<p>e-mail\n<\/p>\n<p><span class=\"wpcf7-form-control-wrap\" data-name=\"your-email\"><input size=\"40\" maxlength=\"400\" class=\"wpcf7-form-control wpcf7-email wpcf7-validates-as-required wpcf7-text wpcf7-validates-as-email\" aria-required=\"true\" aria-invalid=\"false\" value=\"\" type=\"email\" name=\"your-email\" \/><\/span>\n<\/p>\n<p>Telem\u00f3vel:\n<\/p>\n<p><span class=\"wpcf7-form-control-wrap\" data-name=\"tel-995\"><input size=\"40\" maxlength=\"400\" class=\"wpcf7-form-control wpcf7-tel wpcf7-validates-as-required wpcf7-text wpcf7-validates-as-tel\" aria-required=\"true\" aria-invalid=\"false\" value=\"\" type=\"tel\" name=\"tel-995\" \/><\/span>\n<\/p>\n<p>Tipo de Consulta:<br \/>\n<span class=\"wpcf7-form-control-wrap\" data-name=\"checkbox-59\"><span class=\"wpcf7-form-control wpcf7-checkbox wpcf7-validates-as-required wpcf7-exclusive-checkbox\"><span class=\"wpcf7-list-item first\"><input type=\"checkbox\" name=\"checkbox-59\" value=\"Cl\u00ednica Geral\" \/><span class=\"wpcf7-list-item-label\">Cl\u00ednica Geral<\/span><\/span><span class=\"wpcf7-list-item last\"><input type=\"checkbox\" name=\"checkbox-59\" value=\"Consulta Revalida\u00e7\u00e3o Carta Condu\u00e7\u00e3o\" \/><span class=\"wpcf7-list-item-label\">Consulta Revalida\u00e7\u00e3o Carta Condu\u00e7\u00e3o<\/span><\/span><\/span><\/span>\n<\/p>\n<p>&nbsp;\n<\/p>\n<p><input class=\"wpcf7-form-control wpcf7-submit has-spinner\" type=\"submit\" value=\"Enviar\" \/>\n<\/p>\n<p>&nbsp;\n<\/p><div class=\"wpcf7-response-output\" aria-hidden=\"true\"><\/div>\n<\/form>\n<\/div>\n<\/p>\n<p>Em alternativa poder\u00e1 <a href=\"https:\/\/policlinicademarvila.pt\/?page_id=26\">contactar-nos<\/a> diretamente.<\/p>\n<p>&nbsp;<\/p>\n","protected":false},"excerpt":{"rendered":"<p>Pretendemos que a marca\u00e7\u00e3o de consulta seja algo simples e eficiente. Para que n\u00e3o perca muito tempo neste processo, deixe-nos os seus dados e iremos contact\u00e1-lo o mais rapidamente poss\u00edvel. &nbsp; Em alternativa poder\u00e1 contactar-nos diretamente. &nbsp;<\/p>\n","protected":false},"author":1,"featured_media":0,"parent":0,"menu_order":0,"comment_status":"closed","ping_status":"closed","template":"","meta":{"_et_pb_use_builder":"off","_et_pb_old_content":"<h3>Pretendemos que a marca\u00e7\u00e3o de consulta seja algo simples e eficiente.<\/h3><h3>Para que n\u00e3o perca muito tempo neste processo, deixe-nos os seus dados e iremos contact\u00e1-lo o mais rapidamente poss\u00edvel.<\/h3><p>[contact-form-7 id=\"288\" title=\"Formul\u00e1rio de contacto\"]<\/p><h3>Em alternativa poder\u00e1 <a href=\"http:\/\/policlinicademarvila.pt\/?page_id=26\">contactar-nos<\/a> diretamente.<\/h3><p>\u00a0<\/p><p>----<br \/>[contact-form-7 id=\"388\" title=\"Default Form_copy\"]<\/p>","_et_gb_content_width":"","footnotes":""},"class_list":["post-95","page","type-page","status-publish","hentry"],"aioseo_notices":[],"_links":{"self":[{"href":"https:\/\/policlinicademarvila.pt\/index.php\/wp-json\/wp\/v2\/pages\/95","targetHints":{"allow":["GET"]}}],"collection":[{"href":"https:\/\/policlinicademarvila.pt\/index.php\/wp-json\/wp\/v2\/pages"}],"about":[{"href":"https:\/\/policlinicademarvila.pt\/index.php\/wp-json\/wp\/v2\/types\/page"}],"author":[{"embeddable":true,"href":"https:\/\/policlinicademarvila.pt\/index.php\/wp-json\/wp\/v2\/users\/1"}],"replies":[{"embeddable":true,"href":"https:\/\/policlinicademarvila.pt\/index.php\/wp-json\/wp\/v2\/comments?post=95"}],"version-history":[{"count":44,"href":"https:\/\/policlinicademarvila.pt\/index.php\/wp-json\/wp\/v2\/pages\/95\/revisions"}],"predecessor-version":[{"id":559,"href":"https:\/\/policlinicademarvila.pt\/index.php\/wp-json\/wp\/v2\/pages\/95\/revisions\/559"}],"wp:attachment":[{"href":"https:\/\/policlinicademarvila.pt\/index.php\/wp-json\/wp\/v2\/media?parent=95"}],"curies":[{"name":"wp","href":"https:\/\/api.w.org\/{rel}","templated":true}]}}