{"id":541,"date":"2021-10-15T10:45:14","date_gmt":"2021-10-15T10:45:14","guid":{"rendered":"http:\/\/policlinicademarvila.pt\/?page_id=541"},"modified":"2022-02-03T10:46:15","modified_gmt":"2022-02-03T10:46:15","slug":"covid19","status":"publish","type":"page","link":"https:\/\/policlinicademarvila.pt\/index.php\/covid19\/","title":{"rendered":""},"content":{"rendered":"<p><img data-opt-id=1065221083  fetchpriority=\"high\" decoding=\"async\" style=\"border:none\" class=\"aligncenter size-full wp-image-542\" src=\"https:\/\/mlfgs2l7nhpu.i.optimole.com\/w:auto\/h:auto\/q:mauto\/ig:avif\/https:\/\/policlinicademarvila.pt\/wp-content\/uploads\/2021\/10\/coronavirus.jpg\" alt=\"\" width=\"626\" height=\"226\" srcset=\"https:\/\/mlfgs2l7nhpu.i.optimole.com\/w:626\/h:226\/q:mauto\/ig:avif\/https:\/\/policlinicademarvila.pt\/wp-content\/uploads\/2021\/10\/coronavirus.jpg 626w, https:\/\/mlfgs2l7nhpu.i.optimole.com\/w:480\/h:173\/q:mauto\/ig:avif\/https:\/\/policlinicademarvila.pt\/wp-content\/uploads\/2021\/10\/coronavirus.jpg 480w\" sizes=\"(min-width: 0px) and (max-width: 480px) 480px, (min-width: 481px) 626px, 100vw\" \/><\/a><\/p>\n<h1>Para assegurar a sua e a nossa protec\u00e7\u00e3o<br \/>\ncertifique-se de cumprir as seguintes regras:<\/h1>\n<p>&nbsp;<\/p>\n<ul>\n<li style=\"list-style-type: none;\">\n<ul>\n<li>Contacte sempre preferencialmente por telefone ou email para <a href=\"https:\/\/policlinicademarvila.pt\/index.php\/marcar-consulta\/\">efectuar marca\u00e7\u00f5es<\/a> evitando deslocar-se pessoalmente \u00e0s nossas instala\u00e7\u00f5es.<\/li>\n<li>Desloque-se \u00e1s nossas instala\u00e7\u00f5es apenas se necess\u00e1rio (efectuar as suas consultas e tratamentos ou resolver outros problemas que tenham de ter a sua presen\u00e7a f\u00edsica).<\/li>\n<li>Apenas os utentes dever\u00e3o deslocar-se \u00e0s nossas instala\u00e7\u00f5es devendo os acompanhantes evitar a sua presen\u00e7a na sala de espera (salvo situa\u00e7\u00f5es excepcionais).<\/li>\n<li>Manter o distanciamento f\u00edsico, e se tal n\u00e3o for poss\u00edvel aguardar no exterior at\u00e9 ser poss\u00edvel manter o distanciamento adequado.<\/li>\n<li>Utilizar m\u00e1scara e desinfectar as m\u00e3os logo que entre na sala e quando sair do seu tratamento.<\/li>\n<li>N\u00e3o deixar qualquer tipo de lixo, papeis, m\u00e1scaras, etc. sem ser autorizado e no local indicado para o efeito.<\/li>\n<li>S\u00f3 com a sua compreens\u00e3o e colabora\u00e7\u00e3o de todos conseguimos cumprir com todas as condi\u00e7\u00f5es de seguran\u00e7a de sa\u00fade p\u00fablica ultrapassando esta pandemia.<\/li>\n<\/ul>\n<\/li>\n<\/ul>\n<p>&nbsp;&nbsp;<\/p>\n<h2 style=\"text-align: right;\">Muito obrigada pela sua colabora\u00e7\u00e3o<\/h2>\n","protected":false},"excerpt":{"rendered":"<p>Para assegurar a sua e a nossa protec\u00e7\u00e3o certifique-se de cumprir as seguintes regras: &nbsp; Contacte sempre preferencialmente por telefone ou email para efectuar marca\u00e7\u00f5es evitando deslocar-se pessoalmente \u00e0s nossas instala\u00e7\u00f5es. Desloque-se \u00e1s nossas instala\u00e7\u00f5es apenas se necess\u00e1rio (efectuar as suas consultas e tratamentos ou resolver outros problemas que tenham de ter a sua presen\u00e7a [&hellip;]<\/p>\n","protected":false},"author":1,"featured_media":0,"parent":0,"menu_order":0,"comment_status":"closed","ping_status":"closed","template":"","meta":{"_et_pb_use_builder":"","_et_pb_old_content":"","_et_gb_content_width":"","footnotes":""},"class_list":["post-541","page","type-page","status-publish","hentry"],"aioseo_notices":[],"_links":{"self":[{"href":"https:\/\/policlinicademarvila.pt\/index.php\/wp-json\/wp\/v2\/pages\/541","targetHints":{"allow":["GET"]}}],"collection":[{"href":"https:\/\/policlinicademarvila.pt\/index.php\/wp-json\/wp\/v2\/pages"}],"about":[{"href":"https:\/\/policlinicademarvila.pt\/index.php\/wp-json\/wp\/v2\/types\/page"}],"author":[{"embeddable":true,"href":"https:\/\/policlinicademarvila.pt\/index.php\/wp-json\/wp\/v2\/users\/1"}],"replies":[{"embeddable":true,"href":"https:\/\/policlinicademarvila.pt\/index.php\/wp-json\/wp\/v2\/comments?post=541"}],"version-history":[{"count":13,"href":"https:\/\/policlinicademarvila.pt\/index.php\/wp-json\/wp\/v2\/pages\/541\/revisions"}],"predecessor-version":[{"id":565,"href":"https:\/\/policlinicademarvila.pt\/index.php\/wp-json\/wp\/v2\/pages\/541\/revisions\/565"}],"wp:attachment":[{"href":"https:\/\/policlinicademarvila.pt\/index.php\/wp-json\/wp\/v2\/media?parent=541"}],"curies":[{"name":"wp","href":"https:\/\/api.w.org\/{rel}","templated":true}]}}