{"id":2,"date":"2015-01-16T16:27:27","date_gmt":"2015-01-16T16:27:27","guid":{"rendered":"http:\/\/www.missionariasdominicanas.org\/policlinica\/?page_id=2"},"modified":"2024-01-20T22:45:44","modified_gmt":"2024-01-20T22:45:44","slug":"quem-somos","status":"publish","type":"page","link":"https:\/\/policlinicademarvila.pt\/index.php\/quem-somos\/","title":{"rendered":"Quem Somos"},"content":{"rendered":"<p>&nbsp;<\/p>\n<h3>Fundada em 1986, a Policl\u00ednica de Marvila iniciou a sua actividade medica nas \u00e1reas da Cl\u00ednica Geral, Cardiologia, An\u00e1lises Cl\u00ednicas, Pediatria e Ginecologia.<\/h3>\n<p>&nbsp;<\/p>\n<h3>Anos mais tarde foi alargando a sua actividade a outras \u00e1reas da Medicina como Oftalmologia, Otorrinolaringologia, Ortopedia, Podologia e Medicina Ocupacional.<\/h3>\n<h2><\/h2>\n<h2><strong>Corpo Cl\u00ednico:<\/strong><\/h2>\n<h3>Dr. Jo\u00e3o Carmona &#8211; Assistente Cl\u00ednica Geral<\/h3>\n<h3>Dra. F\u00e1tima Ribas &#8211; Assistente Cl\u00ednica Geral\u00a0 e Renova\u00e7\u00e3o Carta de Condu\u00e7\u00e3o<\/h3>\n<p>&nbsp;<\/p>\n","protected":false},"excerpt":{"rendered":"<p>&nbsp; Fundada em 1986, a Policl\u00ednica de Marvila iniciou a sua actividade medica nas \u00e1reas da Cl\u00ednica Geral, Cardiologia, An\u00e1lises Cl\u00ednicas, Pediatria e Ginecologia. &nbsp; Anos mais tarde foi alargando a sua actividade a outras \u00e1reas da Medicina como Oftalmologia, Otorrinolaringologia, Ortopedia, Podologia e Medicina Ocupacional. Corpo Cl\u00ednico: Dr. Jo\u00e3o Carmona &#8211; Assistente Cl\u00ednica Geral [&hellip;]<\/p>\n","protected":false},"author":1,"featured_media":0,"parent":0,"menu_order":0,"comment_status":"closed","ping_status":"open","template":"","meta":{"_et_pb_use_builder":"off","_et_pb_old_content":"","_et_gb_content_width":"","footnotes":""},"class_list":["post-2","page","type-page","status-publish","hentry"],"aioseo_notices":[],"_links":{"self":[{"href":"https:\/\/policlinicademarvila.pt\/index.php\/wp-json\/wp\/v2\/pages\/2","targetHints":{"allow":["GET"]}}],"collection":[{"href":"https:\/\/policlinicademarvila.pt\/index.php\/wp-json\/wp\/v2\/pages"}],"about":[{"href":"https:\/\/policlinicademarvila.pt\/index.php\/wp-json\/wp\/v2\/types\/page"}],"author":[{"embeddable":true,"href":"https:\/\/policlinicademarvila.pt\/index.php\/wp-json\/wp\/v2\/users\/1"}],"replies":[{"embeddable":true,"href":"https:\/\/policlinicademarvila.pt\/index.php\/wp-json\/wp\/v2\/comments?post=2"}],"version-history":[{"count":28,"href":"https:\/\/policlinicademarvila.pt\/index.php\/wp-json\/wp\/v2\/pages\/2\/revisions"}],"predecessor-version":[{"id":589,"href":"https:\/\/policlinicademarvila.pt\/index.php\/wp-json\/wp\/v2\/pages\/2\/revisions\/589"}],"wp:attachment":[{"href":"https:\/\/policlinicademarvila.pt\/index.php\/wp-json\/wp\/v2\/media?parent=2"}],"curies":[{"name":"wp","href":"https:\/\/api.w.org\/{rel}","templated":true}]}}